{"id":375,"date":"2022-06-13T11:30:39","date_gmt":"2022-06-13T11:30:39","guid":{"rendered":"https:\/\/klubsveriens.lv\/?page_id=375"},"modified":"2022-06-13T11:30:39","modified_gmt":"2022-06-13T11:30:39","slug":"30-31-07-22-tartu-sipolu-kostja-pjuhticas-klosteris-narva-un-cietoksnis-sillame-un-kapnes-uz-juru-zivis-mustve-peltsama-rozu-darzs","status":"publish","type":"page","link":"https:\/\/klubsveriens.lv\/?page_id=375","title":{"rendered":"30-31.07.22. Tartu. S\u012bpolu Kostja. Pjuhticas klosteris. Narva un cietoksnis. Sillam\u0113 un k\u0101pnes uz j\u016bru. Zivis Mustv\u0113. Peltsam\u0101 ro\u017eu d\u0101rzs."},"content":{"rendered":"<p><strong>30 \u2013 31.07.22.\u00a0\u00a0\u00a0\u00a0\u00a0\u00a0\u00a0\u00a0\u00a0\u00a0\u00a0\u00a0\u00a0\u00a0\u00a0\u00a0\u00a0\u00a0\u00a0\u00a0\u00a0\u00a0\u00a0\u00a0\u00a0\u00a0\u00a0\u00a0\u00a0\u00a0\u00a0\u00a0\u00a0\u00a0\u00a0\u00a0\u00a0\u00a0\u00a0\u00a0\u00a0\u00a0\u00a0\u00a0\u00a0\u00a0\u00a0\u00a0\u00a0\u00a0\u00a0\u00a0\u00a0\u00a0\u00a0\u00a0\u00a0\u00a0\u00a0\u00a0\u00a0\u00a0\u00a0\u00a0\u00a0\u00a0\u00a0\u00a0\u00a0\u00a0\u00a0\u00a0\u00a0\u00a0\u00a0\u00a0\u00a0\u00a0\u00a0\u00a0\u00a0\u00a0\u00a0\u00a0\u00a0\u00a0\u00a0\u00a0\u00a0\u00a0\u00a0\u00a0\u00a0\u00a0\u00a0\u00a0\u00a0\u00a0\u00a0\u00a0\u00a0\u00a0\u00a0\u00a0\u00a0\u00a0\u00a0\u00a0\u00a0\u00a0\u00a0\u00a0\u00a0 \u00a0\u00a0\u00a0\u00a0\u00a0\u00a0\u00a0\u00a0\u00a0\u00a0\u00a0\u00a0\u00a0\u00a0\u00a0\u00a0\u00a0\u00a0\u00a0\u00a0\u00a0\u00a0\u00a0\u00a0\u00a0\u00a0\u00a0\u00a0\u00a0\u00a0\u00a0\u00a0\u00a0\u00a0\u00a0\u00a0\u00a0\u00a0\u00a0\u00a0\u00a0\u00a0\u00a0\u00a0\u00a0\u00a0\u00a0\u00a01.d. <\/strong>Izbraucam no Ogres plkst. 7.30. WC pauze Valmier\u0101.<strong> TARTU <\/strong>\u00a0( pusdienas laiks ).\u00a0 <strong>S\u012aPOLU KOSTJA<\/strong> (\u00a0 pie s\u012bpolu audz\u0113t\u0101ja S\u012bpolaudz\u0113t\u0101ju ciem\u0101, st\u0101st\u012bjums par s\u012bpolu audz\u0113\u0161anu un cienast\u0101 s\u012bpolu p\u012br\u0101gs ). <strong>SV\u0112T\u0100 VIETA \u2013 PJUHTICAS SIEVIE\u0160U KLOSTERIS \u2013 <\/strong>( ekskursija pa klosteri ar klostera m\u0101su. Dziedino\u0161ais \u016bdens, ( l\u012bdzi\u00a0 \u0146emt traukus avota \u016bdenim ). Dziedin\u0101\u0161an\u0101s gremd\u0113joties sv\u0113tavot\u0101 \u2013 l\u012bdzi \u0146emt dvieli. <strong>NARVA <\/strong>\u2013 pierobe\u017eas pils\u0113ta ar Krieviju ( ar autobusu izbraucam loku pa pils\u0113tu ). Izvieto\u0161an\u0101s viesnic\u0101 INGER 2 \u2013 viet.numuri\u0146os ar \u0113rt\u012bb\u0101m. Br\u012bvais laiks.<\/p>\n<p><strong>2.d. Brokastis. <\/strong>Ekskursija ar k\u0101j\u0101m pa\u00a0 Narvas pils\u0113tu. Promen\u0101de gar Narvas upi. <strong>NARVAS<\/strong> <strong>CIETOKSNIS<\/strong> ( ekskursija ar viet\u0113jo gidu ). <strong>SILLAM\u0112<\/strong> \u2013 trepes ar skatu uz j\u016bru un j\u016bras paviljons. Pusdienas kaf. De Paris ( otrais \u0113diens, sal\u0101ti, dz\u0113riens, bulci\u0146a . <strong>MUSTVE<\/strong> ( b\u016bs iesp\u0113ja ieg\u0101d\u0101ties Peipusa ezera \u017e\u0101v\u0113t\u0101s zivis ). <strong>PELTSAM\u0100 RO\u017dU D\u0100RZS<\/strong> ( d\u0101rz\u0101 aug vair\u0101k nek\u0101 5000 ro\u017eu st\u0101du un aptuveni 1000 da\u017e\u0101du \u0161\u0137ir\u0146u ). M\u0101jupce\u013c\u0161. Pietura WC\u00a0 R\u0101mkalni. Ap plkst. 21.30 iera\u0161an\u0101s Ogr\u0113.<\/p>\n<p><strong>CENA\u00a0\u00a0 EUR 95.00<\/strong><\/p>\n<p><strong>Cen\u0101 iek\u013cauts : <\/strong>Transporta noma un ce\u013ca izdevumi. Gidu un grupas vad\u012bt\u0101ja pakalpojumi<strong>. <\/strong>Viena nakts viesn\u012bc\u0101 INGER\u00a0 2 \u2013 viet. numuri\u0146os ar \u0113rt\u012bb\u0101m un brokast\u012bm.<\/p>\n<p><strong>Papildus izdevumi : <\/strong>S\u012bpolu audz\u0113t\u0101js \u2013 EUR 3,50 . Klosteris \u2013 EUR 2.50 . Narvas pils EUR 7,50 . Pusdienas kaf. De Paris \u2013 EUR 7.50 . Ro\u017eu d\u0101rzs \u2013 EUR 3.00<\/p>\n","protected":false},"excerpt":{"rendered":"<p>30 \u2013 31.07.22.\u00a0\u00a0\u00a0\u00a0\u00a0\u00a0\u00a0\u00a0\u00a0\u00a0\u00a0\u00a0\u00a0\u00a0\u00a0\u00a0\u00a0\u00a0\u00a0\u00a0\u00a0\u00a0\u00a0\u00a0\u00a0\u00a0\u00a0\u00a0\u00a0\u00a0\u00a0\u00a0\u00a0\u00a0\u00a0\u00a0\u00a0\u00a0\u00a0\u00a0\u00a0\u00a0\u00a0\u00a0\u00a0\u00a0\u00a0\u00a0\u00a0\u00a0\u00a0\u00a0\u00a0\u00a0\u00a0\u00a0\u00a0\u00a0\u00a0\u00a0\u00a0\u00a0\u00a0\u00a0\u00a0\u00a0\u00a0\u00a0\u00a0\u00a0\u00a0\u00a0\u00a0\u00a0\u00a0\u00a0\u00a0\u00a0\u00a0\u00a0\u00a0\u00a0\u00a0\u00a0\u00a0\u00a0\u00a0\u00a0\u00a0\u00a0\u00a0\u00a0\u00a0\u00a0\u00a0\u00a0\u00a0\u00a0\u00a0\u00a0\u00a0\u00a0\u00a0\u00a0\u00a0\u00a0\u00a0\u00a0\u00a0\u00a0\u00a0\u00a0\u00a0 \u00a0\u00a0\u00a0\u00a0\u00a0\u00a0\u00a0\u00a0\u00a0\u00a0\u00a0\u00a0\u00a0\u00a0\u00a0\u00a0\u00a0\u00a0\u00a0\u00a0\u00a0\u00a0\u00a0\u00a0\u00a0\u00a0\u00a0\u00a0\u00a0\u00a0\u00a0\u00a0\u00a0\u00a0\u00a0\u00a0\u00a0\u00a0\u00a0\u00a0\u00a0\u00a0\u00a0\u00a0\u00a0\u00a0\u00a0\u00a01.d. Izbraucam no Ogres plkst. 7.30. WC pauze Valmier\u0101. TARTU \u00a0( pusdienas laiks ).\u00a0 S\u012aPOLU KOSTJA (\u00a0 pie s\u012bpolu audz\u0113t\u0101ja S\u012bpolaudz\u0113t\u0101ju ciem\u0101, st\u0101st\u012bjums par s\u012bpolu audz\u0113\u0161anu un cienast\u0101 s\u012bpolu p\u012br\u0101gs ). SV\u0112T\u0100 VIETA \u2013 PJUHTICAS SIEVIE\u0160U KLOSTERIS \u2013 ( ekskursija pa klosteri ar klostera m\u0101su. Dziedino\u0161ais \u016bdens, ( l\u012bdzi\u00a0 \u0146emt traukus avota [&hellip;]<\/p>\n","protected":false},"author":1,"featured_media":0,"parent":0,"menu_order":0,"comment_status":"closed","ping_status":"closed","template":"","meta":{"footnotes":""},"class_list":["post-375","page","type-page","status-publish","hentry"],"_links":{"self":[{"href":"https:\/\/klubsveriens.lv\/index.php?rest_route=\/wp\/v2\/pages\/375","targetHints":{"allow":["GET"]}}],"collection":[{"href":"https:\/\/klubsveriens.lv\/index.php?rest_route=\/wp\/v2\/pages"}],"about":[{"href":"https:\/\/klubsveriens.lv\/index.php?rest_route=\/wp\/v2\/types\/page"}],"author":[{"embeddable":true,"href":"https:\/\/klubsveriens.lv\/index.php?rest_route=\/wp\/v2\/users\/1"}],"replies":[{"embeddable":true,"href":"https:\/\/klubsveriens.lv\/index.php?rest_route=%2Fwp%2Fv2%2Fcomments&post=375"}],"version-history":[{"count":1,"href":"https:\/\/klubsveriens.lv\/index.php?rest_route=\/wp\/v2\/pages\/375\/revisions"}],"predecessor-version":[{"id":376,"href":"https:\/\/klubsveriens.lv\/index.php?rest_route=\/wp\/v2\/pages\/375\/revisions\/376"}],"wp:attachment":[{"href":"https:\/\/klubsveriens.lv\/index.php?rest_route=%2Fwp%2Fv2%2Fmedia&parent=375"}],"curies":[{"name":"wp","href":"https:\/\/api.w.org\/{rel}","templated":true}]}}