{"id":9,"date":"2018-05-23T05:25:47","date_gmt":"2018-05-23T05:25:47","guid":{"rendered":"http:\/\/www.aerobikaogre.lv\/klubsveriens.lv\/?page_id=9"},"modified":"2018-05-23T09:35:26","modified_gmt":"2018-05-23T09:35:26","slug":"par-mums","status":"publish","type":"page","link":"https:\/\/klubsveriens.lv\/?page_id=9","title":{"rendered":"Par mums"},"content":{"rendered":"<p>Klubs \u2018\u2019V\u0113riens\u2019\u2019 ir sabiedriska organiz\u0101cija ar juridiskas personas statusu, kas darbojas atbilsto\u0161i Latvijas republikas likumiem \u201e Par sabiedrisk\u0101m organiz\u0101cij\u0101m un to apvien\u012bb\u0101m\u2019\u2019, tai nav pe\u013c\u0146as ieg\u016b\u0161anas nol\u016bka un rakstura.<\/p>\n<p>Kluba \u2018\u2019V\u0113riens\u2019\u2019 m\u0113r\u0137is ir apvienot cilv\u0113kus, kuri grib sevi pilnveidot un dz\u012bvot akt\u012bvu, rado\u0161u un vesel\u012bgu dz\u012bvi saska\u0146\u0101 ar sevi un apk\u0101rt\u0113jo vidi.<\/p>\n<div class=\"rl-gallery-container rl-loading\" id=\"rl-gallery-container-1\" data-gallery_id=\"53\"> <div class=\"rl-gallery rl-basicgrid-gallery \" id=\"rl-gallery-1\" data-gallery_no=\"1\"> <div class=\"rl-gallery-item\"><a href=\"https:\/\/klubsveriens.lv\/wp-content\/uploads\/2018\/05\/Izglitibas-iestades-reg.apl_..jpg\" title=\"\" data-rl_title=\"\" class=\"rl-gallery-link\" data-rl_caption=\"\" data-rel=\"lightbox-gallery-1\"><img loading=\"lazy\" decoding=\"async\" src=\"https:\/\/klubsveriens.lv\/wp-content\/uploads\/2018\/05\/Izglitibas-iestades-reg.apl_.-218x300.jpg\" width=\"218\" height=\"300\" alt=\"\"\/><\/a><\/div><div class=\"rl-gallery-item\"><a href=\"https:\/\/klubsveriens.lv\/wp-content\/uploads\/2018\/05\/Biedribas-registracijas-aplieciba.jpg\" title=\"\" data-rl_title=\"\" class=\"rl-gallery-link\" data-rl_caption=\"\" data-rel=\"lightbox-gallery-1\"><img loading=\"lazy\" decoding=\"async\" src=\"https:\/\/klubsveriens.lv\/wp-content\/uploads\/2018\/05\/Biedribas-registracijas-aplieciba-218x300.jpg\" width=\"218\" height=\"300\" alt=\"\"\/><\/a><\/div> <\/div> <\/div>\n<p>Kluba\u2019\u2019V\u0113riens\u2019\u2019 darb\u012bbas\u00a0 uzdevums ir :<\/p>\n<p>&#8211; rad\u012bt cilv\u0113kiem v\u0113lmi izgl\u012btoties<\/p>\n<p>-celt cilv\u0113kiem pa\u0161apzi\u0146u<\/p>\n<p>-veicin\u0101t cilv\u0113kiem rado\u0161i pilnveidoties un pa\u0161realiz\u0113ties<\/p>\n<p>&#8211; veicin\u0101t cilv\u0113ka sp\u0113ju izzin\u0101\u0161anu, lai sasniegtu biolo\u0123isko vecumu \u2013 120 gadus<\/p>\n<p>&#8211; populariz\u0113t latvie\u0161u un cittautu dz\u012bves zi\u0146as<\/p>\n<p>M\u0101c\u012bt cilv\u0113kiem :<\/p>\n<p>&#8211; satur\u012bgi atp\u016bsties;<\/p>\n<p>-savstarp\u0113j\u0101s saskarsmes kult\u016bru un eti\u0137eti;<\/p>\n<p>&#8211; organiz\u0113t vides sakop\u0161anas talkas;<\/p>\n<p>&#8211; organiz\u0113t labdar\u012bbas pas\u0101kumus.<\/p>\n<p>&nbsp;<\/p>\n","protected":false},"excerpt":{"rendered":"<p>Klubs \u2018\u2019V\u0113riens\u2019\u2019 ir sabiedriska organiz\u0101cija ar juridiskas personas statusu, kas darbojas atbilsto\u0161i Latvijas republikas likumiem \u201e Par sabiedrisk\u0101m organiz\u0101cij\u0101m un to apvien\u012bb\u0101m\u2019\u2019, tai nav pe\u013c\u0146as ieg\u016b\u0161anas nol\u016bka un rakstura. Kluba \u2018\u2019V\u0113riens\u2019\u2019 m\u0113r\u0137is ir apvienot cilv\u0113kus, kuri grib sevi pilnveidot un dz\u012bvot akt\u012bvu, rado\u0161u un vesel\u012bgu dz\u012bvi saska\u0146\u0101 ar sevi un apk\u0101rt\u0113jo vidi. Kluba\u2019\u2019V\u0113riens\u2019\u2019 darb\u012bbas\u00a0 uzdevums [&hellip;]<\/p>\n","protected":false},"author":1,"featured_media":0,"parent":0,"menu_order":0,"comment_status":"closed","ping_status":"closed","template":"","meta":{"footnotes":""},"class_list":["post-9","page","type-page","status-publish","hentry"],"_links":{"self":[{"href":"https:\/\/klubsveriens.lv\/index.php?rest_route=\/wp\/v2\/pages\/9","targetHints":{"allow":["GET"]}}],"collection":[{"href":"https:\/\/klubsveriens.lv\/index.php?rest_route=\/wp\/v2\/pages"}],"about":[{"href":"https:\/\/klubsveriens.lv\/index.php?rest_route=\/wp\/v2\/types\/page"}],"author":[{"embeddable":true,"href":"https:\/\/klubsveriens.lv\/index.php?rest_route=\/wp\/v2\/users\/1"}],"replies":[{"embeddable":true,"href":"https:\/\/klubsveriens.lv\/index.php?rest_route=%2Fwp%2Fv2%2Fcomments&post=9"}],"version-history":[{"count":4,"href":"https:\/\/klubsveriens.lv\/index.php?rest_route=\/wp\/v2\/pages\/9\/revisions"}],"predecessor-version":[{"id":54,"href":"https:\/\/klubsveriens.lv\/index.php?rest_route=\/wp\/v2\/pages\/9\/revisions\/54"}],"wp:attachment":[{"href":"https:\/\/klubsveriens.lv\/index.php?rest_route=%2Fwp%2Fv2%2Fmedia&parent=9"}],"curies":[{"name":"wp","href":"https:\/\/api.w.org\/{rel}","templated":true}]}}